{"id":200,"date":"2021-07-17T22:19:02","date_gmt":"2021-07-17T20:19:02","guid":{"rendered":"https:\/\/amrumer-perle.de\/?page_id=200"},"modified":"2021-07-17T22:40:07","modified_gmt":"2021-07-17T20:40:07","slug":"hamburg-meine-perledas-ist-wie-fliegenkt","status":"publish","type":"page","link":"https:\/\/amrumer-perle.de\/?page_id=200","title":{"rendered":"HAMBURG meine Perle\u2026das ist wie fliegen\u2026(kt)"},"content":{"rendered":"\t\t<div data-elementor-type=\"wp-page\" data-elementor-id=\"200\" class=\"elementor elementor-200\">\n\t\t\t\t\t\t<section class=\"elementor-section elementor-top-section elementor-element elementor-element-3664ad1d elementor-section-boxed elementor-section-height-default elementor-section-height-default\" data-id=\"3664ad1d\" data-element_type=\"section\" data-e-type=\"section\">\n\t\t\t\t\t\t<div class=\"elementor-container elementor-column-gap-default\">\n\t\t\t\t\t<div class=\"elementor-column elementor-col-100 elementor-top-column elementor-element elementor-element-4a465a87\" data-id=\"4a465a87\" data-element_type=\"column\" data-e-type=\"column\">\n\t\t\t<div class=\"elementor-widget-wrap elementor-element-populated\">\n\t\t\t\t\t\t<div class=\"elementor-element elementor-element-6e80fb4 elementor-widget elementor-widget-heading\" data-id=\"6e80fb4\" data-element_type=\"widget\" data-e-type=\"widget\" data-widget_type=\"heading.default\">\n\t\t\t\t<div class=\"elementor-widget-container\">\n\t\t\t\t\t<h3 class=\"elementor-heading-title elementor-size-default\">HAMBURG meine Perle\u2026das ist wie fliegen\u2026(kt)<\/h3>\t\t\t\t<\/div>\n\t\t\t\t<\/div>\n\t\t\t\t<div class=\"elementor-element elementor-element-e32014f elementor-widget elementor-widget-text-editor\" data-id=\"e32014f\" data-element_type=\"widget\" data-e-type=\"widget\" data-widget_type=\"text-editor.default\">\n\t\t\t\t<div class=\"elementor-widget-container\">\n\t\t\t\t\t\t\t\t\t<p><\/p>\n<p>Wie zu einem Heimspiel kamen die Stadions\u00e4nger des HSV, Lotto King Karl und \u00a0Carsten Pape, zu einem Konzert in die Kniepsandhalle. (Artikel vom 10.10.2012)<\/p>\t\t\t\t\t\t\t\t<\/div>\n\t\t\t\t<\/div>\n\t\t\t\t<div class=\"elementor-element elementor-element-c368f8d elementor-widget elementor-widget-image\" data-id=\"c368f8d\" data-element_type=\"widget\" data-e-type=\"widget\" data-widget_type=\"image.default\">\n\t\t\t\t<div class=\"elementor-widget-container\">\n\t\t\t\t\t\t\t\t\t\t\t\t\t\t\t<img fetchpriority=\"high\" decoding=\"async\" width=\"750\" height=\"500\" src=\"https:\/\/amrumer-perle.de\/wp-content\/uploads\/2021\/07\/lotto.jpg\" class=\"attachment-full size-full wp-image-206\" alt=\"\" srcset=\"https:\/\/amrumer-perle.de\/wp-content\/uploads\/2021\/07\/lotto.jpg 750w, https:\/\/amrumer-perle.de\/wp-content\/uploads\/2021\/07\/lotto-300x200.jpg 300w\" sizes=\"(max-width: 750px) 100vw, 750px\" \/>\t\t\t\t\t\t\t\t\t\t\t\t\t\t\t<\/div>\n\t\t\t\t<\/div>\n\t\t\t\t<div class=\"elementor-element elementor-element-36b0a78c elementor-widget elementor-widget-text-editor\" data-id=\"36b0a78c\" data-element_type=\"widget\" data-e-type=\"widget\" data-widget_type=\"text-editor.default\">\n\t\t\t\t<div class=\"elementor-widget-container\">\n\t\t\t\t\t\t\t\t\t<p><\/p>\n<p><\/p>\n<p>Anl\u00e4sslich des f\u00fcnften Geburtstages des HSV Fanclubs \u201cAmrumer Perle\u201d haben die Mitglieder dieses Konzert in Eigenregie geplant und durchorganisiert. Mit Hilfe vieler Sponsoren konnte diese Veranstaltung m\u00f6glich gemacht werden. Mit Shuttelservice und Tombola wurde in blau-wei\u00dfen Fantrikots aufgefahren. DJ Kater heizte den Insulanern und G\u00e4sten ein und leitete durch das Programm.<\/p>\n<p><\/p>\n<p>Kleine und gro\u00dfe Preise konnten von Beginn an gewonnen werden. Der Hauptpreis, eine Eintrittskarte f\u00fcr zwei Personen zu dem Fussballspiel Hamburger SV gegen Bayern M\u00fcnchen incl. eines Taschengeldes von 100,- \u20ac, wurde nach dem Konzert verlost. Swen S\u00f6rensen hatte hier die Gl\u00fccksnummer auf seiner Eintrittskarte und muss jetzt nur noch entscheiden, wer ihn begleiten wird, viele Freiwillige meldeten sich umgehend \ud83d\ude09 .\u00a0Das stimmungsvolle Konzert beendeten Lotto &amp; Pape mit ihrem Stadionhit \u201cHamburg meine Perle\u201d und wie konnte dies besser passen, als es auf der Perle der Nordsee zu singen, Danke f\u00fcr diesen Besuch! DJ Kater legte noch bis in die sp\u00e4ten Abendstunden auf und so mancher feierte ganz nach dem Motto \u201cDas ist wie fliegen\u201d!<\/p>\n<p><\/p>\t\t\t\t\t\t\t\t<\/div>\n\t\t\t\t<\/div>\n\t\t\t\t<div class=\"elementor-element elementor-element-d042fd2 elementor-widget elementor-widget-image\" data-id=\"d042fd2\" data-element_type=\"widget\" data-e-type=\"widget\" data-widget_type=\"image.default\">\n\t\t\t\t<div class=\"elementor-widget-container\">\n\t\t\t\t\t\t\t\t\t\t\t\t\t\t\t<img decoding=\"async\" width=\"750\" height=\"500\" src=\"https:\/\/amrumer-perle.de\/wp-content\/uploads\/2021\/07\/lotto2.jpg\" class=\"attachment-full size-full wp-image-207\" alt=\"\" srcset=\"https:\/\/amrumer-perle.de\/wp-content\/uploads\/2021\/07\/lotto2.jpg 750w, https:\/\/amrumer-perle.de\/wp-content\/uploads\/2021\/07\/lotto2-300x200.jpg 300w\" sizes=\"(max-width: 750px) 100vw, 750px\" \/>\t\t\t\t\t\t\t\t\t\t\t\t\t\t\t<\/div>\n\t\t\t\t<\/div>\n\t\t\t\t\t<\/div>\n\t\t<\/div>\n\t\t\t\t\t<\/div>\n\t\t<\/section>\n\t\t\t\t<section class=\"elementor-section elementor-top-section elementor-element elementor-element-c07cef3 elementor-section-boxed elementor-section-height-default elementor-section-height-default\" data-id=\"c07cef3\" data-element_type=\"section\" data-e-type=\"section\">\n\t\t\t\t\t\t<div class=\"elementor-container elementor-column-gap-default\">\n\t\t\t\t\t<div class=\"elementor-column elementor-col-100 elementor-top-column elementor-element elementor-element-26a4cb0\" data-id=\"26a4cb0\" data-element_type=\"column\" data-e-type=\"column\">\n\t\t\t<div class=\"elementor-widget-wrap elementor-element-populated\">\n\t\t\t\t\t\t<div class=\"elementor-element elementor-element-0991c0d elementor-widget elementor-widget-text-editor\" data-id=\"0991c0d\" data-element_type=\"widget\" data-e-type=\"widget\" data-widget_type=\"text-editor.default\">\n\t\t\t\t<div class=\"elementor-widget-container\">\n\t\t\t\t\t\t\t\t\t<p>Verantwortlich f\u00fcr diesen Artikel: <span class=\"has-inline-color has-vivid-cyan-blue-color\">Kinka Tadsen<\/span><\/p>\t\t\t\t\t\t\t\t<\/div>\n\t\t\t\t<\/div>\n\t\t\t\t\t<\/div>\n\t\t<\/div>\n\t\t\t\t\t<\/div>\n\t\t<\/section>\n\t\t\t\t<\/div>\n\t\t","protected":false},"excerpt":{"rendered":"<p>HAMBURG meine Perle\u2026das ist wie fliegen\u2026(kt) Wie zu einem Heimspiel kamen die Stadions\u00e4nger des HSV, Lotto King Karl und \u00a0Carsten Pape, zu einem&#8230;<\/p>\n","protected":false},"author":1,"featured_media":0,"parent":0,"menu_order":0,"comment_status":"closed","ping_status":"closed","template":"elementor_header_footer","meta":{"footnotes":""},"class_list":["post-200","page","type-page","status-publish","hentry"],"_links":{"self":[{"href":"https:\/\/amrumer-perle.de\/index.php?rest_route=\/wp\/v2\/pages\/200","targetHints":{"allow":["GET"]}}],"collection":[{"href":"https:\/\/amrumer-perle.de\/index.php?rest_route=\/wp\/v2\/pages"}],"about":[{"href":"https:\/\/amrumer-perle.de\/index.php?rest_route=\/wp\/v2\/types\/page"}],"author":[{"embeddable":true,"href":"https:\/\/amrumer-perle.de\/index.php?rest_route=\/wp\/v2\/users\/1"}],"replies":[{"embeddable":true,"href":"https:\/\/amrumer-perle.de\/index.php?rest_route=%2Fwp%2Fv2%2Fcomments&post=200"}],"version-history":[{"count":7,"href":"https:\/\/amrumer-perle.de\/index.php?rest_route=\/wp\/v2\/pages\/200\/revisions"}],"predecessor-version":[{"id":212,"href":"https:\/\/amrumer-perle.de\/index.php?rest_route=\/wp\/v2\/pages\/200\/revisions\/212"}],"wp:attachment":[{"href":"https:\/\/amrumer-perle.de\/index.php?rest_route=%2Fwp%2Fv2%2Fmedia&parent=200"}],"curies":[{"name":"wp","href":"https:\/\/api.w.org\/{rel}","templated":true}]}}