{"id":213,"date":"2021-07-17T22:42:08","date_gmt":"2021-07-17T20:42:08","guid":{"rendered":"https:\/\/amrumer-perle.de\/?page_id=213"},"modified":"2021-07-19T10:52:11","modified_gmt":"2021-07-19T08:52:11","slug":"flagge-zeigen-to","status":"publish","type":"page","link":"https:\/\/amrumer-perle.de\/?page_id=213","title":{"rendered":"Flagge zeigen&#8230;(to)"},"content":{"rendered":"\t\t<div data-elementor-type=\"wp-page\" data-elementor-id=\"213\" class=\"elementor elementor-213\">\n\t\t\t\t\t\t<section class=\"elementor-section elementor-top-section elementor-element elementor-element-e489d6e elementor-section-boxed elementor-section-height-default elementor-section-height-default\" data-id=\"e489d6e\" data-element_type=\"section\" data-e-type=\"section\">\n\t\t\t\t\t\t<div class=\"elementor-container elementor-column-gap-default\">\n\t\t\t\t\t<div class=\"elementor-column elementor-col-100 elementor-top-column elementor-element elementor-element-2f7a2cc\" data-id=\"2f7a2cc\" data-element_type=\"column\" data-e-type=\"column\">\n\t\t\t<div class=\"elementor-widget-wrap elementor-element-populated\">\n\t\t\t\t\t\t<div class=\"elementor-element elementor-element-d85dff8 elementor-widget elementor-widget-heading\" data-id=\"d85dff8\" data-element_type=\"widget\" data-e-type=\"widget\" data-widget_type=\"heading.default\">\n\t\t\t\t<div class=\"elementor-widget-container\">\n\t\t\t\t\t<h2 class=\"elementor-heading-title elementor-size-default\">Flagge zeigen...(to)<\/h2>\t\t\t\t<\/div>\n\t\t\t\t<\/div>\n\t\t\t\t<div class=\"elementor-element elementor-element-6092f2b elementor-widget elementor-widget-text-editor\" data-id=\"6092f2b\" data-element_type=\"widget\" data-e-type=\"widget\" data-widget_type=\"text-editor.default\">\n\t\t\t\t<div class=\"elementor-widget-container\">\n\t\t\t\t\t\t\t\t\t<p>Zum Bundesligaauftakt unterst\u00fctzt die deutsche Nordseek\u00fcste den n\u00f6rdlichsten Bundesligisten mit einer Flaggenaktion zum Auftaktspiel in die neue Bundesligasaison.(Artikel vom 15.08.2008)<\/p>\t\t\t\t\t\t\t\t<\/div>\n\t\t\t\t<\/div>\n\t\t\t\t\t<\/div>\n\t\t<\/div>\n\t\t\t\t\t<\/div>\n\t\t<\/section>\n\t\t\t\t<section class=\"elementor-section elementor-top-section elementor-element elementor-element-3174d92 elementor-section-boxed elementor-section-height-default elementor-section-height-default\" data-id=\"3174d92\" data-element_type=\"section\" data-e-type=\"section\">\n\t\t\t\t\t\t<div class=\"elementor-container elementor-column-gap-default\">\n\t\t\t\t\t<div class=\"elementor-column elementor-col-100 elementor-top-column elementor-element elementor-element-d74c6c7\" data-id=\"d74c6c7\" data-element_type=\"column\" data-e-type=\"column\">\n\t\t\t<div class=\"elementor-widget-wrap elementor-element-populated\">\n\t\t\t\t\t\t<div class=\"elementor-element elementor-element-37a0ebe elementor-widget elementor-widget-image\" data-id=\"37a0ebe\" data-element_type=\"widget\" data-e-type=\"widget\" data-widget_type=\"image.default\">\n\t\t\t\t<div class=\"elementor-widget-container\">\n\t\t\t\t\t\t\t\t\t\t\t\t\t\t\t<img fetchpriority=\"high\" decoding=\"async\" width=\"500\" height=\"332\" src=\"https:\/\/amrumer-perle.de\/wp-content\/uploads\/2021\/07\/hsvflaggen.jpg\" class=\"attachment-full size-full wp-image-208\" alt=\"\" srcset=\"https:\/\/amrumer-perle.de\/wp-content\/uploads\/2021\/07\/hsvflaggen.jpg 500w, https:\/\/amrumer-perle.de\/wp-content\/uploads\/2021\/07\/hsvflaggen-300x199.jpg 300w\" sizes=\"(max-width: 500px) 100vw, 500px\" \/>\t\t\t\t\t\t\t\t\t\t\t\t\t\t\t<\/div>\n\t\t\t\t<\/div>\n\t\t\t\t\t<\/div>\n\t\t<\/div>\n\t\t\t\t\t<\/div>\n\t\t<\/section>\n\t\t\t\t<section class=\"elementor-section elementor-top-section elementor-element elementor-element-b50e8b5 elementor-section-boxed elementor-section-height-default elementor-section-height-default\" data-id=\"b50e8b5\" data-element_type=\"section\" data-e-type=\"section\">\n\t\t\t\t\t\t<div class=\"elementor-container elementor-column-gap-default\">\n\t\t\t\t\t<div class=\"elementor-column elementor-col-100 elementor-top-column elementor-element elementor-element-914809e\" data-id=\"914809e\" data-element_type=\"column\" data-e-type=\"column\">\n\t\t\t<div class=\"elementor-widget-wrap elementor-element-populated\">\n\t\t\t\t\t\t<div class=\"elementor-element elementor-element-d531731 elementor-widget elementor-widget-text-editor\" data-id=\"d531731\" data-element_type=\"widget\" data-e-type=\"widget\" data-widget_type=\"text-editor.default\">\n\t\t\t\t<div class=\"elementor-widget-container\">\n\t\t\t\t\t\t\t\t\t<p>Der Hamburger SV (HSV) und die Nordsee-Tourismus-Service GmbH (NTS) starten gemeinsam als &#8222;nordische Kombination&#8220; in eine neue sportlich-touristische Kooperation. Bereits zum Bundesligaauftakt 2008\/2009 hei\u00dft es: &#8222;Die nordsee* zeigt Flagge f\u00fcr den HSV&#8220;. F\u00fcr das heute Abend in M\u00fcnchen beginnende Spitzenspiel HSV gegen Bayern M\u00fcnchen dr\u00fccken die Nordlichter die Daumen.<br \/>Entlang der schleswig-holsteinischen Nordseek\u00fcste &#8211; von Sylt \u00fcber Husum, B\u00fcsum bis zur Elbe &#8211; wehen seit gestern rund 1.000 HSV-Fahnen und tauchen die Region somit in ein blau-wei\u00df-schwarzes Fahnenmeer.<br \/>Mit rund 150 Fahnen, die auf ganz Amrum wehen, zeigt Amrum seine Verbundenheit mit dem HSV. Das Trainingslager 2003 und die bestehenden herzlichen Kontakte mit dem Vorstand des Bundesligisten haben einen hohen Stellenwert bei den Fu\u00dfballanh\u00e4ngern der Insel. Rund um den F\u00e4hranleger und auf der unteren Wandelbahn ist alles in Schwarz-wei\u00df-blau gehalten. Der Fan-Club &#8222;Amrumer Perle&#8220; legte gestern selbst Hand an und verteilte die gelieferten Fahnen. Die meisten montierten die Mitglieder auch gleich an den \u00f6ffentlichen als auch privaten Masten. Hierbei war Eile geboten, wollte man doch um 17.30 Uhr mit der F\u00e4hre Richtung Bayern aufbrechen, um live bei dem Spitzenspiel HSV gegen Bayern M\u00fcnchen dabei zu sein.<\/p>\t\t\t\t\t\t\t\t<\/div>\n\t\t\t\t<\/div>\n\t\t\t\t\t<\/div>\n\t\t<\/div>\n\t\t\t\t\t<\/div>\n\t\t<\/section>\n\t\t\t\t<section class=\"elementor-section elementor-top-section elementor-element elementor-element-89c36fa elementor-section-boxed elementor-section-height-default elementor-section-height-default\" data-id=\"89c36fa\" data-element_type=\"section\" data-e-type=\"section\">\n\t\t\t\t\t\t<div class=\"elementor-container elementor-column-gap-default\">\n\t\t\t\t\t<div class=\"elementor-column elementor-col-100 elementor-top-column elementor-element elementor-element-0ef727e\" data-id=\"0ef727e\" data-element_type=\"column\" data-e-type=\"column\">\n\t\t\t<div class=\"elementor-widget-wrap elementor-element-populated\">\n\t\t\t\t\t\t<div class=\"elementor-element elementor-element-af5e185 elementor-widget elementor-widget-image\" data-id=\"af5e185\" data-element_type=\"widget\" data-e-type=\"widget\" data-widget_type=\"image.default\">\n\t\t\t\t<div class=\"elementor-widget-container\">\n\t\t\t\t\t\t\t\t\t\t\t\t\t\t\t<img decoding=\"async\" width=\"500\" height=\"332\" src=\"https:\/\/amrumer-perle.de\/wp-content\/uploads\/2021\/07\/hsvflaggen2.jpg\" class=\"attachment-full size-full wp-image-209\" alt=\"\" srcset=\"https:\/\/amrumer-perle.de\/wp-content\/uploads\/2021\/07\/hsvflaggen2.jpg 500w, https:\/\/amrumer-perle.de\/wp-content\/uploads\/2021\/07\/hsvflaggen2-300x199.jpg 300w\" sizes=\"(max-width: 500px) 100vw, 500px\" \/>\t\t\t\t\t\t\t\t\t\t\t\t\t\t\t<\/div>\n\t\t\t\t<\/div>\n\t\t\t\t\t<\/div>\n\t\t<\/div>\n\t\t\t\t\t<\/div>\n\t\t<\/section>\n\t\t\t\t<section class=\"elementor-section elementor-top-section elementor-element elementor-element-3980037 elementor-section-boxed elementor-section-height-default elementor-section-height-default\" data-id=\"3980037\" data-element_type=\"section\" data-e-type=\"section\">\n\t\t\t\t\t\t<div class=\"elementor-container elementor-column-gap-default\">\n\t\t\t\t\t<div class=\"elementor-column elementor-col-100 elementor-top-column elementor-element elementor-element-6497e08\" data-id=\"6497e08\" data-element_type=\"column\" data-e-type=\"column\">\n\t\t\t<div class=\"elementor-widget-wrap elementor-element-populated\">\n\t\t\t\t\t\t<div class=\"elementor-element elementor-element-fde7e36 elementor-widget elementor-widget-text-editor\" data-id=\"fde7e36\" data-element_type=\"widget\" data-e-type=\"widget\" data-widget_type=\"text-editor.default\">\n\t\t\t\t<div class=\"elementor-widget-container\">\n\t\t\t\t\t\t\t\t\t<p>Gemeinsam machen sich die Partner stark f\u00fcr den Norden &#8211; der HSV als n\u00f6rdlichster Bundesliga Verein und die nordsee* Schleswig-Holstein als n\u00f6rdlichste Ferienregion Deutschlands. &#8222;Wir passen wunderbar zusammen und sehen in unseren Gemeinsamkeiten eine Chance, die wir verst\u00e4rkt nutzen wollen&#8220;, so J\u00f6rn Wolf, Pressechef des HSV in einem Interview. So wird es unter anderem, zuk\u00fcnftig eine enge Zusammenarbeit mit HSV-Reisen geben, so dass die Urlaubsg\u00e4ste an der nordsee* in den Genuss kommen, ihren Urlaub mit einem Abstecher nach Hamburg und zum HSV zu planen. Zudem wird der HSV zuk\u00fcnftig in seinen Reiseangeboten &#8222;nordsee* Specials&#8220; anbieten, um zum Beispiel den Besuch zum HSV Spiel mit einem Trip an die Nordsee zu verbinden.<br \/>Informationen \u00fcber die attraktive Urlaubsregion mit der einzigartigen Insel- und Halligwelt, hochklassigen Sportevents sind zuk\u00fcnftig sowohl auf den Internetseiten des HSV als auch im HSVLive Magazin zu finden.<br \/>Die NTS mit ihren Orten und Partnern an der Nordsee Schleswig-Holsteins zeigen nicht nur am Fahnenmast Flagge, sondern zeigen ihre Begeisterung f\u00fcr den HSV ebenfalls auf ihren Internet- und Magazinseiten. &#8222;Wir freuen uns sehr auf die kommenden Aktionen mit dem HSV als Botschafter f\u00fcr die nordsee*&#8220;, so NTS-Gesch\u00e4ftsf\u00fchrerin Constanze H\u00f6finghoff, in einer Pressemitteilung.<\/p>\t\t\t\t\t\t\t\t<\/div>\n\t\t\t\t<\/div>\n\t\t\t\t\t<\/div>\n\t\t<\/div>\n\t\t\t\t\t<\/div>\n\t\t<\/section>\n\t\t\t\t<\/div>\n\t\t","protected":false},"excerpt":{"rendered":"<p>Flagge zeigen&#8230;(to) Zum Bundesligaauftakt unterst\u00fctzt die deutsche Nordseek\u00fcste den n\u00f6rdlichsten Bundesligisten mit einer Flaggenaktion zum Auftaktspiel in die neue Bundesligasaison.(Artikel vom 15.08.2008) Der&#8230;<\/p>\n","protected":false},"author":1,"featured_media":0,"parent":0,"menu_order":0,"comment_status":"closed","ping_status":"closed","template":"elementor_header_footer","meta":{"footnotes":""},"class_list":["post-213","page","type-page","status-publish","hentry"],"_links":{"self":[{"href":"https:\/\/amrumer-perle.de\/index.php?rest_route=\/wp\/v2\/pages\/213","targetHints":{"allow":["GET"]}}],"collection":[{"href":"https:\/\/amrumer-perle.de\/index.php?rest_route=\/wp\/v2\/pages"}],"about":[{"href":"https:\/\/amrumer-perle.de\/index.php?rest_route=\/wp\/v2\/types\/page"}],"author":[{"embeddable":true,"href":"https:\/\/amrumer-perle.de\/index.php?rest_route=\/wp\/v2\/users\/1"}],"replies":[{"embeddable":true,"href":"https:\/\/amrumer-perle.de\/index.php?rest_route=%2Fwp%2Fv2%2Fcomments&post=213"}],"version-history":[{"count":10,"href":"https:\/\/amrumer-perle.de\/index.php?rest_route=\/wp\/v2\/pages\/213\/revisions"}],"predecessor-version":[{"id":258,"href":"https:\/\/amrumer-perle.de\/index.php?rest_route=\/wp\/v2\/pages\/213\/revisions\/258"}],"wp:attachment":[{"href":"https:\/\/amrumer-perle.de\/index.php?rest_route=%2Fwp%2Fv2%2Fmedia&parent=213"}],"curies":[{"name":"wp","href":"https:\/\/api.w.org\/{rel}","templated":true}]}}