{"id":228,"date":"2021-07-19T10:21:18","date_gmt":"2021-07-19T08:21:18","guid":{"rendered":"https:\/\/amrumer-perle.de\/?page_id=228"},"modified":"2021-07-19T10:50:33","modified_gmt":"2021-07-19T08:50:33","slug":"impressum","status":"publish","type":"page","link":"https:\/\/amrumer-perle.de\/?page_id=228","title":{"rendered":"Impressum"},"content":{"rendered":"\t\t<div data-elementor-type=\"wp-page\" data-elementor-id=\"228\" class=\"elementor elementor-228\">\n\t\t\t\t\t\t<section class=\"elementor-section elementor-top-section elementor-element elementor-element-5cca8c9 elementor-section-boxed elementor-section-height-default elementor-section-height-default\" data-id=\"5cca8c9\" data-element_type=\"section\" data-e-type=\"section\">\n\t\t\t\t\t\t<div class=\"elementor-container elementor-column-gap-default\">\n\t\t\t\t\t<div class=\"elementor-column elementor-col-100 elementor-top-column elementor-element elementor-element-abe4629\" data-id=\"abe4629\" data-element_type=\"column\" data-e-type=\"column\">\n\t\t\t<div class=\"elementor-widget-wrap elementor-element-populated\">\n\t\t\t\t\t\t<div class=\"elementor-element elementor-element-9db04fe elementor-widget elementor-widget-heading\" data-id=\"9db04fe\" data-element_type=\"widget\" data-e-type=\"widget\" data-widget_type=\"heading.default\">\n\t\t\t\t<div class=\"elementor-widget-container\">\n\t\t\t\t\t<h2 class=\"elementor-heading-title elementor-size-default\">IMPRESSUM<\/h2>\t\t\t\t<\/div>\n\t\t\t\t<\/div>\n\t\t\t\t<div class=\"elementor-element elementor-element-9ab9826 elementor-widget elementor-widget-text-editor\" data-id=\"9ab9826\" data-element_type=\"widget\" data-e-type=\"widget\" data-widget_type=\"text-editor.default\">\n\t\t\t\t<div class=\"elementor-widget-container\">\n\t\t\t\t\t\t\t\t\t<p>\u00a0<\/p><p><img decoding=\"async\" src=\"http:\/\/ofc.amrumer-perle.de\/main\/slogan.png\" width=\"665\" height=\"25\" border=\"0\" \/><\/p><p><span style=\"font-size: small;\">I<span style=\"font-family: Arial;\">nformationen gem\u00e4\u00df \u00a7 6 TDG (Teledienstegesetz)<br \/>Verantwortlich f\u00fcr die Inhalte der Website ist:<br \/>HSV Fanclub Amrumer Perle<br \/>25946 Nordseeinsel Amrum<br \/><br \/>eMail: <a href=\"mailto:info@amrumer-perle.de\">info@amrumer-perle.de<\/a><\/span><\/span><\/p><p><span style=\"font-family: Arial; font-size: small;\">eMail: <a href=\"mailto:info@amrumer-perle.de\">webmaster@amrumer-perle.de<\/a><\/span><\/p><p><img decoding=\"async\" src=\"http:\/\/ofc.amrumer-perle.de\/main\/slogan.png\" width=\"665\" height=\"25\" border=\"0\" \/><\/p><p><span style=\"font-family: Arial; font-size: small;\">Links zu anderen Websites<br \/><br \/>F\u00fcr die Inhalte externer Websites, auf die von unserer Site aus verlinkt wird, \u00fcbernehmen wir keinerlei <br \/>Verantwortung, da diese Seiten nicht unserem Einfluss unterliegen.<br \/><br \/>Urheberrecht<br \/><br \/>Die Inhalte der Website sind urheberrechtlich gesch\u00fctzt. Eine Vervielf\u00e4ltigung (z. B. Fotokopie, Mikrofilm <br \/>oder andere Verfahren), Verbreitung oder Verarbeitung durch elektronische Systeme ohne eMail Genehmigung<br \/>von ist in jeglicher Form untersagt. Ausnahme w\u00e4re lediglich ein ausdr\u00fccklicher, gegenteiliger Vermerk.<br \/><br \/>Haftungsausschluss<br \/><br \/>amrumer-perle.de \u00fcbernimmt trotz gr\u00f6\u00dftm\u00f6glicher Sorgfalt bei der Zusammenstellung aller auf der Site\u00a0<br \/>enthaltenen<\/span> <span style=\"font-family: Arial; font-size: small;\">Informationen\u00a0 keine Gew\u00e4hr f\u00fcr deren Aktualit\u00e4t, Richtigkeit oder Vollst\u00e4ndigkeit. Dies gilt\u00a0<br \/>ebenso f\u00fcr s\u00e4mtliche<\/span> <span style=\"font-family: Arial; font-size: small;\">Links und indirekte Verweise auf andere Webseiten, f\u00fcr deren Inhalte amrumer-perle.de\u00a0<br \/>nicht verantwortlich ist.<\/span> <span style=\"font-family: Arial; font-size: small;\">amrumer-perle.de kann nicht f\u00fcr etwaige Sch\u00e4den bzw. Folgesch\u00e4den jeglicher Art\u00a0<br \/>haftbar gemacht werden, die durch die direkte oder indirekte Nutzung der auf der Site<\/span> <span style=\"font-family: Arial; font-size: small;\">enthaltenen Informationen\u00a0<br \/>entstehen die aus einen Datenverlust zur\u00fcckzuf\u00fchren sind. Wir behalten uns \u00c4nderungen\u00a0in den dargestellten\u00a0<br \/>Informationen ohne vorherige Ank\u00fcndigung vor. Alle Angebote sind freibleibend und unverbindlich.<\/span><\/p><p><img decoding=\"async\" src=\"http:\/\/ofc.amrumer-perle.de\/main\/slogan.png\" width=\"665\" height=\"25\" border=\"0\" \/><\/p><p>\u00a0<\/p>\t\t\t\t\t\t\t\t<\/div>\n\t\t\t\t<\/div>\n\t\t\t\t\t<\/div>\n\t\t<\/div>\n\t\t\t\t\t<\/div>\n\t\t<\/section>\n\t\t\t\t<\/div>\n\t\t","protected":false},"excerpt":{"rendered":"<p>IMPRESSUM \u00a0 Informationen gem\u00e4\u00df \u00a7 6 TDG (Teledienstegesetz)Verantwortlich f\u00fcr die Inhalte der Website ist:HSV Fanclub Amrumer Perle25946 Nordseeinsel Amrum eMail: info@amrumer-perle.de eMail: webmaster@amrumer-perle.de&#8230;<\/p>\n","protected":false},"author":1,"featured_media":0,"parent":0,"menu_order":0,"comment_status":"closed","ping_status":"closed","template":"elementor_header_footer","meta":{"footnotes":""},"class_list":["post-228","page","type-page","status-publish","hentry"],"_links":{"self":[{"href":"https:\/\/amrumer-perle.de\/index.php?rest_route=\/wp\/v2\/pages\/228","targetHints":{"allow":["GET"]}}],"collection":[{"href":"https:\/\/amrumer-perle.de\/index.php?rest_route=\/wp\/v2\/pages"}],"about":[{"href":"https:\/\/amrumer-perle.de\/index.php?rest_route=\/wp\/v2\/types\/page"}],"author":[{"embeddable":true,"href":"https:\/\/amrumer-perle.de\/index.php?rest_route=\/wp\/v2\/users\/1"}],"replies":[{"embeddable":true,"href":"https:\/\/amrumer-perle.de\/index.php?rest_route=%2Fwp%2Fv2%2Fcomments&post=228"}],"version-history":[{"count":10,"href":"https:\/\/amrumer-perle.de\/index.php?rest_route=\/wp\/v2\/pages\/228\/revisions"}],"predecessor-version":[{"id":255,"href":"https:\/\/amrumer-perle.de\/index.php?rest_route=\/wp\/v2\/pages\/228\/revisions\/255"}],"wp:attachment":[{"href":"https:\/\/amrumer-perle.de\/index.php?rest_route=%2Fwp%2Fv2%2Fmedia&parent=228"}],"curies":[{"name":"wp","href":"https:\/\/api.w.org\/{rel}","templated":true}]}}